{"id":2800,"date":"2022-02-06T21:02:29","date_gmt":"2022-02-06T20:02:29","guid":{"rendered":"https:\/\/akmstech.com\/produit\/afficheur-aures-ocd-300-350\/"},"modified":"2024-11-16T16:36:22","modified_gmt":"2024-11-16T15:36:22","slug":"afficheur-aures-ocd-300-350","status":"publish","type":"product","link":"https:\/\/akmstech.com\/en\/afficheur-aures-ocd-300-350\/","title":{"rendered":"Afficheur Aures OCD-300\/350"},"content":{"rendered":"<p>Mode d\u2019affichage R\u00e9tro\u00e9clairage par LED blanches<br \/>\nLCD FSTN \u00e0 transmission n\u00e9gative<\/p>\n<p>Couleur d\u2019affichage blanc-noir<br \/>\nNombre de caract\u00e8res 40 caract\u00e8res (2 lignes x 20 caract\u00e8res)<br \/>\nMatrice de caract\u00e8re 12 x 32 points<br \/>\nTaille des caract\u00e8res 6,33 x 16,93 mm<br \/>\nTypes de caract\u00e8res 96 caract\u00e8res alphanum\u00e9riques<br \/>\n28 polices de caract\u00e8res internationaux<br \/>\nLuminosit\u00e9 700 cd\/m2<br \/>\nAlimentation + 5 V par prise USB<br \/>\nConsommation 0,3W<br \/>\nMBF 50,000 heures de fonctionnement<br \/>\nDimensions de l\u2019aire d\u2019affichage 130,2 mm (largeur) x 37,6 mm (hauteur)<br \/>\nAngles de vue 30 \u2013 60 degr\u00e9s (vertical)<br \/>\nMoins 45 \u00e0 45 degr\u00e9s (horizontal)<br \/>\nAngle d\u2019inclinaison 0 &#8211; 90\u00b0<\/p>\n","protected":false},"excerpt":{"rendered":"<p>Les afficheurs client OCD 300 (mod\u00e8le sur socle) et OCD 350 (version similaire sur m\u00e2t de 25,8 cm) poss\u00e8dent un design \u00e9pur\u00e9 et contemporain parfaitement en phase avec l\u2019esprit des syst\u00e8mes de gestion et d\u2019encaissement AURES.<br \/>\nCompacts et Inclinables (de 0 \u00e0 90 degr\u00e9s), ils offrent une grande ergonomie et un gain de place.<br \/>\nLeur affichage graphique (r\u00e9tro\u00e9clairage LED \u2013 20 caract\u00e8res sur 2 lignes) est d\u2019excellente qualit\u00e9 et param\u00e9trable en plusieurs langues.<br \/>\nUn c\u00e2ble USB int\u00e9gr\u00e9 permet la transmission simultan\u00e9e de toutes les donn\u00e9es comme de l\u2019alimentation \u00e9lectrique.<\/p>\n<p>Design compact au point d\u2019encaissement<br \/>\nAngle d\u2019inclinaison 90\u00b0<br \/>\nAffichage graphique de qualit\u00e9, haute luminosit\u00e9 (param\u00e9trable en plusieurs langues)<br \/>\nUn seul c\u00e2ble USB pour la transmission<br \/>\ndes donn\u00e9es et l\u2019alimentation<br \/>\nCompatible ESC \/ POS<br \/>\nEmulation port s\u00e9rie<\/p>\n","protected":false},"featured_media":2768,"comment_status":"closed","ping_status":"open","template":"","meta":{"_acf_changed":false,"rank_math_lock_modified_date":false},"product_cat":[122],"product_tag":[184],"class_list":{"0":"post-2800","1":"product","2":"type-product","3":"status-publish","4":"has-post-thumbnail","6":"product_cat-afficheurs-clients","7":"product_tag-equipements-point-de-vente-maroc","8":"pa_marque-aures","10":"first","11":"instock","12":"product-type-simple","swatches":"rey-swatches","show_selected":""},"acf":[],"_links":{"self":[{"href":"https:\/\/akmstech.com\/en\/wp-json\/wp\/v2\/product\/2800","targetHints":{"allow":["GET"]}}],"collection":[{"href":"https:\/\/akmstech.com\/en\/wp-json\/wp\/v2\/product"}],"about":[{"href":"https:\/\/akmstech.com\/en\/wp-json\/wp\/v2\/types\/product"}],"replies":[{"embeddable":true,"href":"https:\/\/akmstech.com\/en\/wp-json\/wp\/v2\/comments?post=2800"}],"wp:featuredmedia":[{"embeddable":true,"href":"https:\/\/akmstech.com\/en\/wp-json\/wp\/v2\/media\/2768"}],"wp:attachment":[{"href":"https:\/\/akmstech.com\/en\/wp-json\/wp\/v2\/media?parent=2800"}],"wp:term":[{"taxonomy":"product_cat","embeddable":true,"href":"https:\/\/akmstech.com\/en\/wp-json\/wp\/v2\/product_cat?post=2800"},{"taxonomy":"product_tag","embeddable":true,"href":"https:\/\/akmstech.com\/en\/wp-json\/wp\/v2\/product_tag?post=2800"}],"curies":[{"name":"wp","href":"https:\/\/api.w.org\/{rel}","templated":true}]}}