{"id":2801,"date":"2022-02-06T21:02:29","date_gmt":"2022-02-06T20:02:29","guid":{"rendered":"https:\/\/akmstech.com\/produit\/balance-avec-colonne-dibal-dibal-w015\/"},"modified":"2024-11-16T16:36:22","modified_gmt":"2024-11-16T15:36:22","slug":"balance-avec-colonne-dibal-dibal-w015","status":"publish","type":"product","link":"https:\/\/akmstech.com\/en\/balance-avec-colonne-dibal-dibal-w015\/","title":{"rendered":"Balance avec colonne Dibal DIBAL W015"},"content":{"rendered":"<p>La gamme 500 offre un niveau de technologie \u00e9lev\u00e9 et une grande facilit\u00e9 d\u2019utilisation. Elle se compose de 4 s\u00e9ries de balance avec des diff\u00e9rents niveaux de performance: WIND, MISTRAL, TORNADO, STAR. La S\u00e9rie WIND de DIBAL est une nouvelle famille de balances que souligne par sa cr\u00e9ation, technologie et facilit\u00e9 de manie.<\/p>\n<p>Ils incorporent batterie interne de grand rendement.<br \/>\nCommunication TCPiP ou opcionalmente Wi-Fi (802.11).<br \/>\nApplications pour windows et Application Dibal Web Server.<\/p>\n","protected":false},"excerpt":{"rendered":"<p>Capacit\u00e9 [Max] : 3kg \u2013 6kg \u2013 15kg \u2013 30kg<br \/>\nArticles: 2000<br \/>\nDimesnion du plateau: 360 x 265 mm<br \/>\nAffichage: Afficheur LCD<br \/>\nInterface: Ethernet, Wi-Fi, Scanner, Tiroir caisse<br \/>\nClavier: 45 x 2<br \/>\nImprimante: Imprimante pour \u00e9tiquette ou ticket<br \/>\nHomologation: OIML, CE &#038; RoHS<\/p>\n","protected":false},"featured_media":2788,"comment_status":"closed","ping_status":"open","template":"","meta":{"_acf_changed":false,"rank_math_lock_modified_date":false},"product_cat":[125],"product_tag":[184],"class_list":{"0":"post-2801","1":"product","2":"type-product","3":"status-publish","4":"has-post-thumbnail","6":"product_cat-balances-electroniques","7":"product_tag-equipements-point-de-vente-maroc","8":"pa_marque-dibal","10":"first","11":"instock","12":"product-type-simple","swatches":"rey-swatches","show_selected":""},"acf":[],"_links":{"self":[{"href":"https:\/\/akmstech.com\/en\/wp-json\/wp\/v2\/product\/2801","targetHints":{"allow":["GET"]}}],"collection":[{"href":"https:\/\/akmstech.com\/en\/wp-json\/wp\/v2\/product"}],"about":[{"href":"https:\/\/akmstech.com\/en\/wp-json\/wp\/v2\/types\/product"}],"replies":[{"embeddable":true,"href":"https:\/\/akmstech.com\/en\/wp-json\/wp\/v2\/comments?post=2801"}],"wp:featuredmedia":[{"embeddable":true,"href":"https:\/\/akmstech.com\/en\/wp-json\/wp\/v2\/media\/2788"}],"wp:attachment":[{"href":"https:\/\/akmstech.com\/en\/wp-json\/wp\/v2\/media?parent=2801"}],"wp:term":[{"taxonomy":"product_cat","embeddable":true,"href":"https:\/\/akmstech.com\/en\/wp-json\/wp\/v2\/product_cat?post=2801"},{"taxonomy":"product_tag","embeddable":true,"href":"https:\/\/akmstech.com\/en\/wp-json\/wp\/v2\/product_tag?post=2801"}],"curies":[{"name":"wp","href":"https:\/\/api.w.org\/{rel}","templated":true}]}}