{"id":2804,"date":"2022-02-06T21:02:29","date_gmt":"2022-02-06T20:02:29","guid":{"rendered":"https:\/\/akmstech.com\/produit\/imprimante-tickets-thermiques-aures-odp444\/"},"modified":"2024-11-16T16:36:22","modified_gmt":"2024-11-16T15:36:22","slug":"imprimante-tickets-thermiques-aures-odp444","status":"publish","type":"product","link":"https:\/\/akmstech.com\/en\/imprimante-tickets-thermiques-aures-odp444\/","title":{"rendered":"Imprimante tickets thermiques Aures ODP444"},"content":{"rendered":"<p>Cette imprimante POS de tickets thermiques au design cubique est disponible en deux mod\u00e8les, avec diff\u00e9rentes options multi-interfaces, dont une version avec WI FI et Bluetooth.<\/p>\n<p>Bi-positionnable, elle se renverse sur le comptoir de vente et offre une double sortie papier : sortie capot verticale d\u2019une part (situ\u00e9e sur le dessus de l\u2019imprimante) et\/ou sortie frontale d\u2019autre part \u2013 au choix selon la configuration choisie et le type d\u2019espace ou d\u2019environnement disponibles sur le comptoir de vente.<\/p>\n","protected":false},"excerpt":{"rendered":"<p>-M\u00e9thode d\u2019impression thermique directe &#8211; 180 dpi<br \/>\n-Vitesse d\u2019impression 200 mm \/ sec<br \/>\n-SD RAM 8 Mo<br \/>\n-Flash SRAM 2 Mo<br \/>\n-Carte M\u00e8re 32-bit RISC<br \/>\n-M\u00e9moire interne 64 Mo<br \/>\n-Carte M\u00e8re Basse consommation<br \/>\n-Basse consommation Mise en veille automatique : r\u00e9duction des d\u00e9penses \u00e9lectriques de 30% environ<\/p>\n","protected":false},"featured_media":2853,"comment_status":"closed","ping_status":"open","template":"","meta":{"_acf_changed":false,"rank_math_lock_modified_date":false},"product_cat":[126],"product_tag":[184],"class_list":{"0":"post-2804","1":"product","2":"type-product","3":"status-publish","4":"has-post-thumbnail","6":"product_cat-imprimantes","7":"product_tag-equipements-point-de-vente-maroc","8":"pa_marque-aures","10":"first","11":"instock","12":"product-type-simple","swatches":"rey-swatches","show_selected":""},"acf":[],"_links":{"self":[{"href":"https:\/\/akmstech.com\/en\/wp-json\/wp\/v2\/product\/2804","targetHints":{"allow":["GET"]}}],"collection":[{"href":"https:\/\/akmstech.com\/en\/wp-json\/wp\/v2\/product"}],"about":[{"href":"https:\/\/akmstech.com\/en\/wp-json\/wp\/v2\/types\/product"}],"replies":[{"embeddable":true,"href":"https:\/\/akmstech.com\/en\/wp-json\/wp\/v2\/comments?post=2804"}],"wp:featuredmedia":[{"embeddable":true,"href":"https:\/\/akmstech.com\/en\/wp-json\/wp\/v2\/media\/2853"}],"wp:attachment":[{"href":"https:\/\/akmstech.com\/en\/wp-json\/wp\/v2\/media?parent=2804"}],"wp:term":[{"taxonomy":"product_cat","embeddable":true,"href":"https:\/\/akmstech.com\/en\/wp-json\/wp\/v2\/product_cat?post=2804"},{"taxonomy":"product_tag","embeddable":true,"href":"https:\/\/akmstech.com\/en\/wp-json\/wp\/v2\/product_tag?post=2804"}],"curies":[{"name":"wp","href":"https:\/\/api.w.org\/{rel}","templated":true}]}}