{"id":2805,"date":"2022-02-06T21:02:29","date_gmt":"2022-02-06T20:02:29","guid":{"rendered":"https:\/\/akmstech.com\/produit\/imorimante-etiquette-bureau-zebra-gk-420-t\/"},"modified":"2024-11-16T16:36:22","modified_gmt":"2024-11-16T15:36:22","slug":"imorimante-etiquette-bureau-zebra-gk-420-t","status":"publish","type":"product","link":"https:\/\/akmstech.com\/en\/imorimante-etiquette-bureau-zebra-gk-420-t\/","title":{"rendered":"Imorimante \u00e9tiquette bureau Zebra GK-420 T"},"content":{"rendered":"<p>Les imprimantes G-Series de Zebra sont compactes et offrent les meilleures vitesses et performances de leur cat\u00e9gorie pour une largeur d\u2019impression allant jusqu\u2019\u00e0 104 mm. Dot\u00e9es de nombreuses fonctionnalit\u00e9s, Tous les mod\u00e8les proposent en natif les langages EPL\u2122 et ZPL\u00ae et de nombreuses options de connexions pour des syst\u00e8mes personnels, locaux et en r\u00e9seau.<\/p>\n","protected":false},"excerpt":{"rendered":"<p>\u2022 Volume d&#8217;impression \/jour : 500<br \/>\n\u2022 Largeur d&#8217;impression (mm) : 104<br \/>\n\u2022 R\u00e9solution (DPI) : 203<br \/>\n\u2022 R\u00e9solution (DOT) : 8<br \/>\n\u2022 Type d&#8217;impression : Transfert Thermique<br \/>\n\u2022 Interface de communication : USB, Ethernet                                                                  \u2022 Diam\u00e8tre mandrin \u00e9tiquettes (mm) : 12,7 ou 25,4 ou 37,1                                     \u2022 Vitesse d&#8217;impression (mm\/s) : 127<\/p>\n","protected":false},"featured_media":2797,"comment_status":"closed","ping_status":"open","template":"","meta":{"_acf_changed":false,"rank_math_lock_modified_date":false},"product_cat":[126],"product_tag":[184],"class_list":{"0":"post-2805","1":"product","2":"type-product","3":"status-publish","4":"has-post-thumbnail","6":"product_cat-imprimantes","7":"product_tag-equipements-point-de-vente-maroc","8":"pa_marque-zebra","10":"first","11":"instock","12":"product-type-simple","swatches":"rey-swatches","show_selected":""},"acf":[],"_links":{"self":[{"href":"https:\/\/akmstech.com\/en\/wp-json\/wp\/v2\/product\/2805","targetHints":{"allow":["GET"]}}],"collection":[{"href":"https:\/\/akmstech.com\/en\/wp-json\/wp\/v2\/product"}],"about":[{"href":"https:\/\/akmstech.com\/en\/wp-json\/wp\/v2\/types\/product"}],"replies":[{"embeddable":true,"href":"https:\/\/akmstech.com\/en\/wp-json\/wp\/v2\/comments?post=2805"}],"wp:featuredmedia":[{"embeddable":true,"href":"https:\/\/akmstech.com\/en\/wp-json\/wp\/v2\/media\/2797"}],"wp:attachment":[{"href":"https:\/\/akmstech.com\/en\/wp-json\/wp\/v2\/media?parent=2805"}],"wp:term":[{"taxonomy":"product_cat","embeddable":true,"href":"https:\/\/akmstech.com\/en\/wp-json\/wp\/v2\/product_cat?post=2805"},{"taxonomy":"product_tag","embeddable":true,"href":"https:\/\/akmstech.com\/en\/wp-json\/wp\/v2\/product_tag?post=2805"}],"curies":[{"name":"wp","href":"https:\/\/api.w.org\/{rel}","templated":true}]}}