{"id":2808,"date":"2022-02-06T21:02:29","date_gmt":"2022-02-06T20:02:29","guid":{"rendered":"https:\/\/akmstech.com\/produit\/lecteur-code-barre-datalogic-magellan-3200-vsi\/"},"modified":"2024-11-16T16:36:22","modified_gmt":"2024-11-16T15:36:22","slug":"lecteur-code-barre-datalogic-magellan-3200-vsi","status":"publish","type":"product","link":"https:\/\/akmstech.com\/en\/lecteur-code-barre-datalogic-magellan-3200-vsi\/","title":{"rendered":"Lecteur Code barre Datalogic Magellan-3200 VSI"},"content":{"rendered":"","protected":false},"excerpt":{"rendered":"<p>&#8211; Mod\u00e8le de code: 1D et 2D &#8211; Connectivit\u00e9: C\u00e2ble USB                                                                            &#8211; Distance de scan: jusqu&#8217;\u00e2 229 mm                                                                               &#8211; R\u00e9sistance: IP42<br \/>\n&#8211; Mode de lecture: Omnidirectionnel, 5 Champs de 4 lignes parall\u00e8les<\/p>\n","protected":false},"featured_media":2778,"comment_status":"closed","ping_status":"open","template":"","meta":{"_acf_changed":false,"rank_math_lock_modified_date":false},"product_cat":[129],"product_tag":[184],"class_list":{"0":"post-2808","1":"product","2":"type-product","3":"status-publish","4":"has-post-thumbnail","6":"product_cat-lecteur-code-barre","7":"product_tag-equipements-point-de-vente-maroc","8":"pa_marque-datalogic","10":"first","11":"instock","12":"product-type-simple","swatches":"rey-swatches","show_selected":""},"acf":[],"_links":{"self":[{"href":"https:\/\/akmstech.com\/en\/wp-json\/wp\/v2\/product\/2808","targetHints":{"allow":["GET"]}}],"collection":[{"href":"https:\/\/akmstech.com\/en\/wp-json\/wp\/v2\/product"}],"about":[{"href":"https:\/\/akmstech.com\/en\/wp-json\/wp\/v2\/types\/product"}],"replies":[{"embeddable":true,"href":"https:\/\/akmstech.com\/en\/wp-json\/wp\/v2\/comments?post=2808"}],"wp:featuredmedia":[{"embeddable":true,"href":"https:\/\/akmstech.com\/en\/wp-json\/wp\/v2\/media\/2778"}],"wp:attachment":[{"href":"https:\/\/akmstech.com\/en\/wp-json\/wp\/v2\/media?parent=2808"}],"wp:term":[{"taxonomy":"product_cat","embeddable":true,"href":"https:\/\/akmstech.com\/en\/wp-json\/wp\/v2\/product_cat?post=2808"},{"taxonomy":"product_tag","embeddable":true,"href":"https:\/\/akmstech.com\/en\/wp-json\/wp\/v2\/product_tag?post=2808"}],"curies":[{"name":"wp","href":"https:\/\/api.w.org\/{rel}","templated":true}]}}