{"id":2811,"date":"2022-02-06T21:02:29","date_gmt":"2022-02-06T20:02:29","guid":{"rendered":"https:\/\/akmstech.com\/produit\/terminal-de-caisse-aures-jazz\/"},"modified":"2024-11-16T16:36:22","modified_gmt":"2024-11-16T15:36:22","slug":"terminal-de-caisse-aures-jazz","status":"publish","type":"product","link":"https:\/\/akmstech.com\/en\/terminal-de-caisse-aures-jazz\/","title":{"rendered":"Terminal de caisse AURES Jazz"},"content":{"rendered":"<p>JAZZ\u00a0est un concept in\u00e9dit d\u2019\u00e9quipement IT du point de service qui offre un \u00e9ventail de plusieurs configurations ; son design \u00e9pur\u00e9 et intemporel est fid\u00e8le \u00e0 l\u2019esprit et aux fondamentaux AURES.<\/p>\n","protected":false},"excerpt":{"rendered":"<p>-Processeur Intel Bay Trail Celeron J1900 Intel Skylake i3-6100U Intel Kaby Lake i5-7300U<br \/>\n-M\u00e9moire (RAM) 4GB DDR3L SODIMM, up to 32 GB 4GB DDR4 SODIMM<br \/>\n-M\u00e9moire graphique Intel HD Graphics Core<br \/>\n-SSD 2 emplacements SSD M.2, 1 x 128 Go en standard<br \/>\n-LCD 15\u201d TFT 1024&#215;768<br \/>\n-Dalle tactile ultra plate et sans bord, technologie capacitive projet\u00e9e (multi-touch)<br \/>\nLuminosit\u00e9 450 cd\/m2<\/p>\n","protected":false},"featured_media":2765,"comment_status":"closed","ping_status":"open","template":"","meta":{"_acf_changed":false,"rank_math_lock_modified_date":false},"product_cat":[130],"product_tag":[183,184],"class_list":{"0":"post-2811","1":"product","2":"type-product","3":"status-publish","4":"has-post-thumbnail","6":"product_cat-terminal-point-de-vente","7":"product_tag-caisse-enregistreuse-maroc","8":"product_tag-equipements-point-de-vente-maroc","9":"pa_marque-aures","11":"first","12":"instock","13":"product-type-simple","swatches":"rey-swatches","show_selected":""},"acf":[],"_links":{"self":[{"href":"https:\/\/akmstech.com\/en\/wp-json\/wp\/v2\/product\/2811","targetHints":{"allow":["GET"]}}],"collection":[{"href":"https:\/\/akmstech.com\/en\/wp-json\/wp\/v2\/product"}],"about":[{"href":"https:\/\/akmstech.com\/en\/wp-json\/wp\/v2\/types\/product"}],"replies":[{"embeddable":true,"href":"https:\/\/akmstech.com\/en\/wp-json\/wp\/v2\/comments?post=2811"}],"wp:featuredmedia":[{"embeddable":true,"href":"https:\/\/akmstech.com\/en\/wp-json\/wp\/v2\/media\/2765"}],"wp:attachment":[{"href":"https:\/\/akmstech.com\/en\/wp-json\/wp\/v2\/media?parent=2811"}],"wp:term":[{"taxonomy":"product_cat","embeddable":true,"href":"https:\/\/akmstech.com\/en\/wp-json\/wp\/v2\/product_cat?post=2811"},{"taxonomy":"product_tag","embeddable":true,"href":"https:\/\/akmstech.com\/en\/wp-json\/wp\/v2\/product_tag?post=2811"}],"curies":[{"name":"wp","href":"https:\/\/api.w.org\/{rel}","templated":true}]}}