{"id":2816,"date":"2022-02-06T21:02:29","date_gmt":"2022-02-06T20:02:29","guid":{"rendered":"https:\/\/akmstech.com\/produit\/terminal-portable-datalogic-skorpio-x3\/"},"modified":"2024-11-16T16:36:21","modified_gmt":"2024-11-16T15:36:21","slug":"terminal-portable-datalogic-skorpio-x3","status":"publish","type":"product","link":"https:\/\/akmstech.com\/en\/terminal-portable-datalogic-skorpio-x3\/","title":{"rendered":"Terminal portable Datalogic Skorpio-X3"},"content":{"rendered":"<p>Le scanner codes barres Skorpio X3 est un terminal portable robuste et fiable, particuli\u00e8rement adapt\u00e9 aux m\u00e9tiers de la grande distribution, du transport, de la logistique et de l&#8217;industrie. Le Skorpio X3 r\u00e9siste aux conditions les plus exigeantes. Fiable, il peut subir des chutes et chocs r\u00e9p\u00e9t\u00e9s.  Compact et peu encombrant, le terminal durci Skorpio X3 offre une tr\u00e8s bonne prise en main gr\u00e2ce \u00e0 une ergonomie \u00e9tudi\u00e9e pour un confort d\u2019utilisation total.<\/p>\n","protected":false},"excerpt":{"rendered":"<p>-Ecran : 3,2&#8243;<br \/>\n-Indice de protextion : IP64<br \/>\n-Vitesse de lecture : 104 scan\/s<br \/>\n-Syst\u00e8me d&#8217;exploitation : Windows CE 6.0 Pro \/ WEHH 6.5                                                                              -M\u00e9moire : Syst\u00e8me flash 512 MB \/ Syst\u00e8me RAM : 256 MB                                                                                 -Communication : Wifi 82. 11 a\/b\/g, Bluetooth Class 2 avec EDR<\/p>\n","protected":false},"featured_media":2783,"comment_status":"closed","ping_status":"open","template":"","meta":{"_acf_changed":false,"rank_math_lock_modified_date":false},"product_cat":[133],"product_tag":[184,181],"class_list":{"0":"post-2816","1":"product","2":"type-product","3":"status-publish","4":"has-post-thumbnail","6":"product_cat-terminal-portable","7":"product_tag-equipements-point-de-vente-maroc","8":"product_tag-terminal-pda-gestion-dinventaire","9":"pa_marque-datalogic","11":"first","12":"instock","13":"product-type-simple","swatches":"rey-swatches","show_selected":""},"acf":[],"_links":{"self":[{"href":"https:\/\/akmstech.com\/en\/wp-json\/wp\/v2\/product\/2816","targetHints":{"allow":["GET"]}}],"collection":[{"href":"https:\/\/akmstech.com\/en\/wp-json\/wp\/v2\/product"}],"about":[{"href":"https:\/\/akmstech.com\/en\/wp-json\/wp\/v2\/types\/product"}],"replies":[{"embeddable":true,"href":"https:\/\/akmstech.com\/en\/wp-json\/wp\/v2\/comments?post=2816"}],"wp:featuredmedia":[{"embeddable":true,"href":"https:\/\/akmstech.com\/en\/wp-json\/wp\/v2\/media\/2783"}],"wp:attachment":[{"href":"https:\/\/akmstech.com\/en\/wp-json\/wp\/v2\/media?parent=2816"}],"wp:term":[{"taxonomy":"product_cat","embeddable":true,"href":"https:\/\/akmstech.com\/en\/wp-json\/wp\/v2\/product_cat?post=2816"},{"taxonomy":"product_tag","embeddable":true,"href":"https:\/\/akmstech.com\/en\/wp-json\/wp\/v2\/product_tag?post=2816"}],"curies":[{"name":"wp","href":"https:\/\/api.w.org\/{rel}","templated":true}]}}