{"id":2819,"date":"2022-02-06T21:02:44","date_gmt":"2022-02-06T20:02:44","guid":{"rendered":"https:\/\/akmstech.com\/produit\/tiroir-caisse-ultra-compact-aures-3s-430\/"},"modified":"2024-11-16T16:36:21","modified_gmt":"2024-11-16T15:36:21","slug":"tiroir-caisse-ultra-compact-aures-3s-430","status":"publish","type":"product","link":"https:\/\/akmstech.com\/en\/tiroir-caisse-ultra-compact-aures-3s-430\/","title":{"rendered":"Tiroir-caisse ultra-compact Aures 3S-430"},"content":{"rendered":"<p>Le mod\u00e8le\u00a03S-430 24v\u00a0\u00a0du constructeur AURES est \u00e9quip\u00e9 d\u2019un syst\u00e8me d\u2019intercalaires d\u00e9montable autorisant le stockage de 8 types de billets et 8 cat\u00e9gories de pi\u00e8ces. Avec ses deux fentes en face avant permettent d\u2019y glisser ch\u00e8ques, tickets et factures<\/p>\n","protected":false},"excerpt":{"rendered":"<p>-Tiroir en t\u00f4le d&#8217;acier renforc\u00e9<br \/>\n-Inserer 8 bacs monnaies 8 bacs billets<br \/>\n-Dimensions : 410 x 415 x 110 mm<br \/>\n-Alimentation 12 Volts ou 24 volts                                                                          -Disponible en couleur beige, noir, blanc<\/p>\n","protected":false},"featured_media":2857,"comment_status":"closed","ping_status":"open","template":"","meta":{"_acf_changed":false,"rank_math_lock_modified_date":false},"product_cat":[134],"product_tag":[184],"class_list":{"0":"post-2819","1":"product","2":"type-product","3":"status-publish","4":"has-post-thumbnail","6":"product_cat-tiroir-caisse","7":"product_tag-equipements-point-de-vente-maroc","8":"pa_marque-aures","10":"first","11":"instock","12":"product-type-simple","swatches":"rey-swatches","show_selected":""},"acf":[],"_links":{"self":[{"href":"https:\/\/akmstech.com\/en\/wp-json\/wp\/v2\/product\/2819","targetHints":{"allow":["GET"]}}],"collection":[{"href":"https:\/\/akmstech.com\/en\/wp-json\/wp\/v2\/product"}],"about":[{"href":"https:\/\/akmstech.com\/en\/wp-json\/wp\/v2\/types\/product"}],"replies":[{"embeddable":true,"href":"https:\/\/akmstech.com\/en\/wp-json\/wp\/v2\/comments?post=2819"}],"wp:featuredmedia":[{"embeddable":true,"href":"https:\/\/akmstech.com\/en\/wp-json\/wp\/v2\/media\/2857"}],"wp:attachment":[{"href":"https:\/\/akmstech.com\/en\/wp-json\/wp\/v2\/media?parent=2819"}],"wp:term":[{"taxonomy":"product_cat","embeddable":true,"href":"https:\/\/akmstech.com\/en\/wp-json\/wp\/v2\/product_cat?post=2819"},{"taxonomy":"product_tag","embeddable":true,"href":"https:\/\/akmstech.com\/en\/wp-json\/wp\/v2\/product_tag?post=2819"}],"curies":[{"name":"wp","href":"https:\/\/api.w.org\/{rel}","templated":true}]}}