{"id":3797,"date":"2022-02-16T12:31:39","date_gmt":"2022-02-16T11:31:39","guid":{"rendered":"https:\/\/akmstech.com\/?post_type=product&#038;p=3797"},"modified":"2024-11-16T16:36:22","modified_gmt":"2024-11-16T15:36:22","slug":"backstone-by-atempo","status":"publish","type":"product","link":"https:\/\/akmstech.com\/en\/backstone-by-atempo\/","title":{"rendered":"Appliances de sauvegarde Backstone by Atempo"},"content":{"rendered":"<h2>Appliances de sauvegarde tout-en-un<\/h2>\n<h2 class=\"hn_custom\"><\/h2>\n<h3>La sauvegarde et la restauration locales sont une v\u00e9ritable alternative ou un compl\u00e9ment au stockage bas\u00e9 sur le cloud<\/h3>\n<p>Combien de temps faudrait-il pour r\u00e9tablir votre entreprise en cas d&#8217;incident majeur\u00a0?<br \/>\nLes appliances de sauvegarde tout-en-un d&#8217;Atempo prot\u00e8gent les serveurs locaux et les points de terminaison en fournissant une v\u00e9ritable reprise apr\u00e8s sinistre et une continuit\u00e9 d&#8217;activit\u00e9.<\/p>\n<h3 class=\"FlexDoubleList-title hn_custom\">Red\u00e9marrez votre entreprise quelle que soit la menace quelle que soit l&#8217;incident<\/h3>\n<ul class=\"FlexDoubleList-list\">\n<li>Malgr\u00e9 l&#8217;am\u00e9lioration des vitesses du r\u00e9seau, les solutions de sauvegarde bas\u00e9es sur le cloud ne sont pas toujours capables de renvoyer rapidement les donn\u00e9es vers leur emplacement principal sur site.\u00a0Le cloud est de plus en plus utilis\u00e9 pour servir des applications et stocker des donn\u00e9es.\u00a0Cette tendance a un revers : beaucoup de donn\u00e9es continuent d&#8217;\u00eatre stock\u00e9es localement sur les endpoints (ordinateurs portables, stations de travail, serveurs de fichiers&#8230;).\u00a0En fait, pr\u00e8s d&#8217;un tiers des donn\u00e9es uniques de l&#8217;entreprise sont stock\u00e9es sur un ordinateur portable.Lorsque les donn\u00e9es sont locales, elles b\u00e9n\u00e9ficient davantage d&#8217;une protection locale m\u00eame si le cloud est utilis\u00e9 comme cible secondaire valide de la m\u00eame mani\u00e8re que nous stockons des ensembles de donn\u00e9es sur bande.Un autre avantage majeur d&#8217;une installation d&#8217;appliance sur site ou distribu\u00e9e est la possibilit\u00e9 de stocker plusieurs versions de vos donn\u00e9es.\u00a0Cela fournit l&#8217;assurance ultime contre les cyberattaques et une assurance suppl\u00e9mentaire pour vos \u00e9quipes et vos clients.<\/li>\n<\/ul>\n","protected":false},"excerpt":{"rendered":"<p>Combien de temps faudrait-il pour r\u00e9tablir votre entreprise en cas d&#8217;incident majeur\u00a0?<br \/>\nLes appliances de sauvegarde tout-en-un d&#8217;Atempo prot\u00e8gent les serveurs locaux et les points de terminaison en fournissant une v\u00e9ritable reprise apr\u00e8s sinistre et une continuit\u00e9 d&#8217;activit\u00e9. Ils sont disponible sous trois variations:<\/p>\n<ul>\n<li>260 To<\/li>\n<li>24 \u00e0 120 To<\/li>\n<li>12 To sans lecteur interne<\/li>\n<\/ul>\n","protected":false},"featured_media":3801,"comment_status":"closed","ping_status":"closed","template":"","meta":{"_acf_changed":false,"rank_math_lock_modified_date":false},"product_cat":[140],"product_tag":[],"class_list":{"0":"post-3797","1":"product","2":"type-product","3":"status-publish","4":"has-post-thumbnail","6":"product_cat-protection-de-donnees","8":"first","9":"instock","10":"shipping-taxable","11":"product-type-variable","swatches":"rey-swatches","show_selected":""},"acf":[],"_links":{"self":[{"href":"https:\/\/akmstech.com\/en\/wp-json\/wp\/v2\/product\/3797","targetHints":{"allow":["GET"]}}],"collection":[{"href":"https:\/\/akmstech.com\/en\/wp-json\/wp\/v2\/product"}],"about":[{"href":"https:\/\/akmstech.com\/en\/wp-json\/wp\/v2\/types\/product"}],"replies":[{"embeddable":true,"href":"https:\/\/akmstech.com\/en\/wp-json\/wp\/v2\/comments?post=3797"}],"wp:featuredmedia":[{"embeddable":true,"href":"https:\/\/akmstech.com\/en\/wp-json\/wp\/v2\/media\/3801"}],"wp:attachment":[{"href":"https:\/\/akmstech.com\/en\/wp-json\/wp\/v2\/media?parent=3797"}],"wp:term":[{"taxonomy":"product_cat","embeddable":true,"href":"https:\/\/akmstech.com\/en\/wp-json\/wp\/v2\/product_cat?post=3797"},{"taxonomy":"product_tag","embeddable":true,"href":"https:\/\/akmstech.com\/en\/wp-json\/wp\/v2\/product_tag?post=3797"}],"curies":[{"name":"wp","href":"https:\/\/api.w.org\/{rel}","templated":true}]}}