{"id":5104,"date":"2023-07-14T11:55:56","date_gmt":"2023-07-14T10:55:56","guid":{"rendered":"https:\/\/akmstech.com\/?post_type=product&#038;p=5104"},"modified":"2024-11-16T16:36:21","modified_gmt":"2024-11-16T15:36:21","slug":"pocket-de-prise-de-commande-sunmi-m2","status":"publish","type":"product","link":"https:\/\/akmstech.com\/en\/pocket-de-prise-de-commande-sunmi-m2\/","title":{"rendered":"Pocket de prise de commande &#8211; SUNMI M2"},"content":{"rendered":"<div class=\"dataTables_scrollHead\">\n<div class=\"dataTables_scrollHeadInner\"><\/div>\n<\/div>\n<div class=\"dataTables_scrollBody\">\n<table id=\"DataTables_Table_0\" class=\"table dataTable no-footer\" role=\"grid\" cellspacing=\"0\">\n<thead>\n<tr class=\"table-heads \" role=\"row\">\n<th class=\"head-item mbr-fonts-style display-7 sorting\" colspan=\"1\" rowspan=\"1\" aria-controls=\"DataTables_Table_0\" aria-label=\"Parameter: activate to sort column ascending\">\n<div class=\"dataTables_sizing\">Parameter<\/div>\n<\/th>\n<th class=\"head-item mbr-fonts-style display-7 sorting\" colspan=\"1\" rowspan=\"1\" aria-controls=\"DataTables_Table_0\" aria-label=\"Detail: activate to sort column ascending\">\n<div class=\"dataTables_sizing\">Detail<\/div>\n<\/th>\n<\/tr>\n<\/thead>\n<tbody>\n<tr class=\"odd\" role=\"row\">\n<td class=\"body-item mbr-fonts-style display-7\"><strong>OS<\/strong><\/td>\n<td class=\"body-item mbr-fonts-style display-7\">Android 7.1<\/td>\n<\/tr>\n<tr class=\"even\" role=\"row\">\n<td class=\"body-item mbr-fonts-style display-7\"><strong>Processor<\/strong><\/td>\n<td class=\"body-item mbr-fonts-style display-7\">1.4GHz, Qualcomm Snapdragon Quadcore<\/td>\n<\/tr>\n<tr class=\"odd\" role=\"row\">\n<td class=\"body-item mbr-fonts-style display-7\"><strong>RAM<\/strong><\/td>\n<td class=\"body-item mbr-fonts-style display-7\">1 GB<\/td>\n<\/tr>\n<tr class=\"even\" role=\"row\">\n<td class=\"body-item mbr-fonts-style display-7\"><strong>ROM<\/strong><\/td>\n<td class=\"body-item mbr-fonts-style display-7\">8 GB<\/td>\n<\/tr>\n<tr class=\"odd\" role=\"row\">\n<td class=\"body-item mbr-fonts-style display-7\"><strong>LCD<\/strong><\/td>\n<td class=\"body-item mbr-fonts-style display-7\">5\u201cHD 1280 \u00d7 720 points<\/td>\n<\/tr>\n<tr class=\"even\" role=\"row\">\n<td class=\"body-item mbr-fonts-style display-7\"><strong>Camera<\/strong><\/td>\n<td class=\"body-item mbr-fonts-style display-7\">0,3 Mpx FF, barcode scanning 1D\/2D<\/td>\n<\/tr>\n<tr class=\"odd\" role=\"row\">\n<td class=\"body-item mbr-fonts-style display-7\"><strong>4G<\/strong><\/td>\n<td class=\"body-item mbr-fonts-style display-7\">Yes<\/td>\n<\/tr>\n<tr class=\"even\" role=\"row\">\n<td class=\"body-item mbr-fonts-style display-7\"><strong>Wi-Fi<\/strong><\/td>\n<td class=\"body-item mbr-fonts-style display-7\">802.11 a\/b\/g\/n<\/td>\n<\/tr>\n<tr class=\"odd\" role=\"row\">\n<td class=\"body-item mbr-fonts-style display-7\"><strong>Bluetooth<\/strong><\/td>\n<td class=\"body-item mbr-fonts-style display-7\">4.2<\/td>\n<\/tr>\n<tr class=\"even\" role=\"row\">\n<td class=\"body-item mbr-fonts-style display-7\"><strong>Battery<\/strong><\/td>\n<td class=\"body-item mbr-fonts-style display-7\">3.8V\/3000mAh<\/td>\n<\/tr>\n<tr class=\"odd\" role=\"row\">\n<td class=\"body-item mbr-fonts-style display-7\"><strong>Dimensions<\/strong><\/td>\n<td class=\"body-item mbr-fonts-style display-7\">144 \u00d7 73 \u00d7 14 mm<\/td>\n<\/tr>\n<tr class=\"even\" role=\"row\">\n<td class=\"body-item mbr-fonts-style display-7\"><strong>Cradle dimensions<\/strong><\/td>\n<td class=\"body-item mbr-fonts-style display-7\">104 \u00d7 74 \u00d7 68 mm<\/td>\n<\/tr>\n<tr class=\"odd\" role=\"row\">\n<td class=\"body-item mbr-fonts-style display-7\"><strong>Operating temperature<\/strong><\/td>\n<td class=\"body-item mbr-fonts-style display-7\">0 \u2013 40 Celsia<\/td>\n<\/tr>\n<tr class=\"even\" role=\"row\">\n<td class=\"body-item mbr-fonts-style display-7\"><strong>Weight<\/strong><\/td>\n<td class=\"body-item mbr-fonts-style display-7\">172g<\/td>\n<\/tr>\n<tr class=\"odd\" role=\"row\">\n<td class=\"body-item mbr-fonts-style display-7\"><strong>GPS<\/strong><\/td>\n<td class=\"body-item mbr-fonts-style display-7\">Yes<\/td>\n<\/tr>\n<tr class=\"even\" role=\"row\">\n<td class=\"body-item mbr-fonts-style display-7\"><strong>SIM card<\/strong><\/td>\n<td class=\"body-item mbr-fonts-style display-7\">Yes<\/td>\n<\/tr>\n<tr class=\"odd\" role=\"row\">\n<td class=\"body-item mbr-fonts-style display-7\"><strong>Interface<\/strong><\/td>\n<td class=\"body-item mbr-fonts-style display-7\">Typ-C USB\u00d71<\/td>\n<\/tr>\n<tr class=\"even\" role=\"row\">\n<td class=\"body-item mbr-fonts-style display-7\"><strong>Optional<\/strong><\/td>\n<td class=\"body-item mbr-fonts-style display-7\">charging cradle<br \/>\n1\u00d7 SIM card slot<\/td>\n<\/tr>\n<\/tbody>\n<\/table>\n<\/div>\n","protected":false},"excerpt":{"rendered":"<p>Le pocket de prise de commande Android SUNMI M2 tr\u00e8s abordable est id\u00e9al pour les zones de travail au rythme rapide de l&#8217;h\u00f4tellerie et de la restauration. Il bascule librement entre les fonctions de commande ou de facturation via son \u00e9cran tactile capacitif HD IPS de 5 pouces, ce qui le rend adapt\u00e9 aux t\u00e2ches multit\u00e2ches. De plus, sa cam\u00e9ra int\u00e9gr\u00e9e capture \u00e9galement les codes-barres 1D\/2D. Il dispose d&#8217;un bo\u00eetier compact pour garantir son transport autour confortablement tout au long de la journ\u00e9e et actionn\u00e9 d&#8217;une seule main. Ses dimensions ne sont que de 144 x 73 x 13,7 mm (L x l x H) avec un poids de seulement 172 grammes.<\/p>\n","protected":false},"featured_media":5113,"comment_status":"open","ping_status":"closed","template":"","meta":{"_acf_changed":false,"rank_math_lock_modified_date":false},"product_cat":[135,133],"product_tag":[183,184],"class_list":{"0":"post-5104","1":"product","2":"type-product","3":"status-publish","4":"has-post-thumbnail","6":"product_cat-terminaux-de-points-de-vente","7":"product_cat-terminal-portable","8":"product_tag-caisse-enregistreuse-maroc","9":"product_tag-equipements-point-de-vente-maroc","11":"first","12":"instock","13":"shipping-taxable","14":"product-type-simple","swatches":"rey-swatches","show_selected":""},"acf":[],"_links":{"self":[{"href":"https:\/\/akmstech.com\/en\/wp-json\/wp\/v2\/product\/5104","targetHints":{"allow":["GET"]}}],"collection":[{"href":"https:\/\/akmstech.com\/en\/wp-json\/wp\/v2\/product"}],"about":[{"href":"https:\/\/akmstech.com\/en\/wp-json\/wp\/v2\/types\/product"}],"replies":[{"embeddable":true,"href":"https:\/\/akmstech.com\/en\/wp-json\/wp\/v2\/comments?post=5104"}],"wp:featuredmedia":[{"embeddable":true,"href":"https:\/\/akmstech.com\/en\/wp-json\/wp\/v2\/media\/5113"}],"wp:attachment":[{"href":"https:\/\/akmstech.com\/en\/wp-json\/wp\/v2\/media?parent=5104"}],"wp:term":[{"taxonomy":"product_cat","embeddable":true,"href":"https:\/\/akmstech.com\/en\/wp-json\/wp\/v2\/product_cat?post=5104"},{"taxonomy":"product_tag","embeddable":true,"href":"https:\/\/akmstech.com\/en\/wp-json\/wp\/v2\/product_tag?post=5104"}],"curies":[{"name":"wp","href":"https:\/\/api.w.org\/{rel}","templated":true}]}}