{"id":5176,"date":"2023-10-21T23:23:06","date_gmt":"2023-10-21T22:23:06","guid":{"rendered":"https:\/\/akmstech.com\/?post_type=product&#038;p=5176"},"modified":"2024-11-16T16:36:21","modified_gmt":"2024-11-16T15:36:21","slug":"supertag-power-detacheur-ili-active-montage-encastre-complet-sensormatic","status":"publish","type":"product","link":"https:\/\/akmstech.com\/en\/supertag-power-detacheur-ili-active-montage-encastre-complet-sensormatic\/","title":{"rendered":"SuperTag Power Detacheur ILI activ\u00e9, montage encastr\u00e9 complet &#8211; Sensormatic"},"content":{"rendered":"<h2>SuperTag Power Detacheur ILI activ\u00e9, montage encastr\u00e9 complet &#8211; Sensormatic<br \/>\nR\u00e9f: IDKM1010FM<\/h2>\n<p>Le Sensormatic SuperTag Detacher retire les \u00e9tiquettes rigides SuperTag des marchandises prot\u00e9g\u00e9es au point de vente pour un fonctionnement rapide et efficace tout en am\u00e9liorant le d\u00e9bit.<\/p>\n<p>Supprime rapidement et efficacement tous les SuperTags pour acc\u00e9l\u00e9rer le paiement et r\u00e9duire les retards inutiles des acheteurs<br \/>\nLa conception compacte et les options d&#8217;installation flexibles permettent une utilisation maximale de l&#8217;espace de caisse<br \/>\nL&#8217;option de connectivit\u00e9 EAS permet de g\u00e9n\u00e9rer des informations op\u00e9rationnelles pour aider \u00e0 identifier et corriger rapidement les probl\u00e8mes de performances<br \/>\nLe clavier programmable unique emp\u00eache toute utilisation non autoris\u00e9e lorsque le stand de contr\u00f4le est sans surveillance<\/p>\n<p>&nbsp;<\/p>\n","protected":false},"excerpt":{"rendered":"<p>Le Sensormatic SuperTag Detacher retire les \u00e9tiquettes rigides SuperTag des marchandises prot\u00e9g\u00e9es au point de vente<\/p>\n","protected":false},"featured_media":5189,"comment_status":"closed","ping_status":"closed","template":"","meta":{"_acf_changed":false,"rank_math_lock_modified_date":false},"product_cat":[173],"product_tag":[182],"class_list":{"0":"post-5176","1":"product","2":"type-product","3":"status-publish","4":"has-post-thumbnail","6":"product_cat-detacheurs","7":"product_tag-sensormatic-maroc","8":"pa_marque-sensormatic","10":"first","11":"instock","12":"product-type-simple","swatches":"rey-swatches","show_selected":""},"acf":[],"_links":{"self":[{"href":"https:\/\/akmstech.com\/en\/wp-json\/wp\/v2\/product\/5176","targetHints":{"allow":["GET"]}}],"collection":[{"href":"https:\/\/akmstech.com\/en\/wp-json\/wp\/v2\/product"}],"about":[{"href":"https:\/\/akmstech.com\/en\/wp-json\/wp\/v2\/types\/product"}],"replies":[{"embeddable":true,"href":"https:\/\/akmstech.com\/en\/wp-json\/wp\/v2\/comments?post=5176"}],"wp:featuredmedia":[{"embeddable":true,"href":"https:\/\/akmstech.com\/en\/wp-json\/wp\/v2\/media\/5189"}],"wp:attachment":[{"href":"https:\/\/akmstech.com\/en\/wp-json\/wp\/v2\/media?parent=5176"}],"wp:term":[{"taxonomy":"product_cat","embeddable":true,"href":"https:\/\/akmstech.com\/en\/wp-json\/wp\/v2\/product_cat?post=5176"},{"taxonomy":"product_tag","embeddable":true,"href":"https:\/\/akmstech.com\/en\/wp-json\/wp\/v2\/product_tag?post=5176"}],"curies":[{"name":"wp","href":"https:\/\/api.w.org\/{rel}","templated":true}]}}