{"id":5179,"date":"2023-10-21T23:23:07","date_gmt":"2023-10-21T22:23:07","guid":{"rendered":"https:\/\/akmstech.com\/?post_type=product&#038;p=5179"},"modified":"2024-11-16T16:36:21","modified_gmt":"2024-11-16T15:36:21","slug":"supertag-power-detacheur-montage-encastre-sensormatic","status":"publish","type":"product","link":"https:\/\/akmstech.com\/en\/supertag-power-detacheur-montage-encastre-sensormatic\/","title":{"rendered":"Supertag Power Detacheur montage encastr\u00e9 &#8211; Sensormatic"},"content":{"rendered":"<h2>Supertag Power Detacheur montage encastr\u00e9 &#8211; Sensormatic<br \/>\nR\u00e9f: MKAMK1010FM<\/h2>\n<p>D\u00e9tacheur Supertag, d\u00e9tache toute la famille d&#8217;\u00e9tiquettes Supertag<br \/>\nMontage encastr\u00e9 \u00e0 l&#8217;aide du gabarit fourni<br \/>\nN\u00e9cessite une alimentation externe (fournie)<br \/>\nUn clavier programmable unique emp\u00eache toute utilisation non autoris\u00e9e<\/p>\n<p>&nbsp;<\/p>\n","protected":false},"excerpt":{"rendered":"<p>D\u00e9tacheur Supertag, d\u00e9tache toute la famille d&#8217;\u00e9tiquettes Supertag<br \/>\nMontage encastr\u00e9 \u00e0 l&#8217;aide du gabarit fourni<br \/>\nN\u00e9cessite une alimentation externe (fournie)<br \/>\nUn clavier programmable unique emp\u00eache toute utilisation non autoris\u00e9e<\/p>\n","protected":false},"featured_media":5195,"comment_status":"closed","ping_status":"closed","template":"","meta":{"_acf_changed":false,"rank_math_lock_modified_date":false},"product_cat":[173],"product_tag":[182],"class_list":{"0":"post-5179","1":"product","2":"type-product","3":"status-publish","4":"has-post-thumbnail","6":"product_cat-detacheurs","7":"product_tag-sensormatic-maroc","8":"pa_marque-sensormatic","10":"first","11":"instock","12":"product-type-simple","swatches":"rey-swatches","show_selected":""},"acf":[],"_links":{"self":[{"href":"https:\/\/akmstech.com\/en\/wp-json\/wp\/v2\/product\/5179","targetHints":{"allow":["GET"]}}],"collection":[{"href":"https:\/\/akmstech.com\/en\/wp-json\/wp\/v2\/product"}],"about":[{"href":"https:\/\/akmstech.com\/en\/wp-json\/wp\/v2\/types\/product"}],"replies":[{"embeddable":true,"href":"https:\/\/akmstech.com\/en\/wp-json\/wp\/v2\/comments?post=5179"}],"wp:featuredmedia":[{"embeddable":true,"href":"https:\/\/akmstech.com\/en\/wp-json\/wp\/v2\/media\/5195"}],"wp:attachment":[{"href":"https:\/\/akmstech.com\/en\/wp-json\/wp\/v2\/media?parent=5179"}],"wp:term":[{"taxonomy":"product_cat","embeddable":true,"href":"https:\/\/akmstech.com\/en\/wp-json\/wp\/v2\/product_cat?post=5179"},{"taxonomy":"product_tag","embeddable":true,"href":"https:\/\/akmstech.com\/en\/wp-json\/wp\/v2\/product_tag?post=5179"}],"curies":[{"name":"wp","href":"https:\/\/api.w.org\/{rel}","templated":true}]}}