{"id":5182,"date":"2023-10-21T23:23:08","date_gmt":"2023-10-21T22:23:08","guid":{"rendered":"https:\/\/akmstech.com\/?post_type=product&#038;p=5182"},"modified":"2024-11-16T16:36:21","modified_gmt":"2024-11-16T15:36:21","slug":"1175-grey-split-sensormatic","status":"publish","type":"product","link":"https:\/\/akmstech.com\/en\/1175-grey-split-sensormatic\/","title":{"rendered":"1175 Grey Split &#8211; Sensormatic"},"content":{"rendered":"<h2>1175 Grey Split &#8211; Sensormatic<br \/>\nR\u00e9f: ZASE-E20G3-12M<\/h2>\n<p>Le portique Sensormatic Synergy 2.0 Pedestal allie la puissance des technologies AM et RFID de fa\u00e7on \u00e0 obtenir des performances optimales en magasin.<br \/>\nSa conception \u00e0 cadre ouvert en ABS antichocs pr\u00e9serve l&#8217;esth\u00e9tique du magasin et se fond dans tous les environnements de commerce de d\u00e9tail. Ce syst\u00e8me de d\u00e9tection fait appel \u00e0 la technologie EAS AM Sensormatic a&#8221;n d&#8217;atteindre le niveau maximal de d\u00e9tection des vols avec une couverture de 2 m (6 ft 6 po) pour des sorties larges ou multiples.<br \/>\nLes alarmes sonores et visuelles int\u00e9gr\u00e9es avertissent le personnel du magasin du passage d&#8217;articles prot\u00e9g\u00e9s \u00e0 travers la zone de d\u00e9tection. Il est possible de personnaliser les nombreuses alarmes sonores et visuelles en fonction de diff\u00e9rents types d&#8217;\u00e9v\u00e9nements, en mappant les options sonores et d&#8217;\u00e9clairage ambiant de fa\u00e7on \u00e0 re#\u00e9ter l&#8217;origine de l&#8217;alerte, comme des sacs doubl\u00e9s d&#8217; aluminium ou des dispositifs de brouillage.<\/p>\n<p>&nbsp;<\/p>\n","protected":false},"excerpt":{"rendered":"<p>Le portique Sensormatic Synergy 2.0 Pedestal allie la puissance des technologies AM et RFID de fa\u00e7on \u00e0 obtenir des performances optimales en magasin.<\/p>\n","protected":false},"featured_media":5201,"comment_status":"closed","ping_status":"closed","template":"","meta":{"_acf_changed":false,"rank_math_lock_modified_date":false},"product_cat":[175],"product_tag":[182],"class_list":{"0":"post-5182","1":"product","2":"type-product","3":"status-publish","4":"has-post-thumbnail","6":"product_cat-systeme-antivol","7":"product_tag-sensormatic-maroc","8":"pa_marque-sensormatic","10":"first","11":"instock","12":"product-type-simple","swatches":"rey-swatches","show_selected":""},"acf":[],"_links":{"self":[{"href":"https:\/\/akmstech.com\/en\/wp-json\/wp\/v2\/product\/5182","targetHints":{"allow":["GET"]}}],"collection":[{"href":"https:\/\/akmstech.com\/en\/wp-json\/wp\/v2\/product"}],"about":[{"href":"https:\/\/akmstech.com\/en\/wp-json\/wp\/v2\/types\/product"}],"replies":[{"embeddable":true,"href":"https:\/\/akmstech.com\/en\/wp-json\/wp\/v2\/comments?post=5182"}],"wp:featuredmedia":[{"embeddable":true,"href":"https:\/\/akmstech.com\/en\/wp-json\/wp\/v2\/media\/5201"}],"wp:attachment":[{"href":"https:\/\/akmstech.com\/en\/wp-json\/wp\/v2\/media?parent=5182"}],"wp:term":[{"taxonomy":"product_cat","embeddable":true,"href":"https:\/\/akmstech.com\/en\/wp-json\/wp\/v2\/product_cat?post=5182"},{"taxonomy":"product_tag","embeddable":true,"href":"https:\/\/akmstech.com\/en\/wp-json\/wp\/v2\/product_tag?post=5182"}],"curies":[{"name":"wp","href":"https:\/\/api.w.org\/{rel}","templated":true}]}}