{"id":5183,"date":"2023-10-21T23:23:08","date_gmt":"2023-10-21T22:23:08","guid":{"rendered":"https:\/\/akmstech.com\/?post_type=product&#038;p=5183"},"modified":"2024-11-16T16:36:21","modified_gmt":"2024-11-16T15:36:21","slug":"value-deactivator-table-top-amb2011-sensormatic","status":"publish","type":"product","link":"https:\/\/akmstech.com\/en\/value-deactivator-table-top-amb2011-sensormatic\/","title":{"rendered":"Value Deactivator Table Top (AMB2011) &#8211; Sensormatic"},"content":{"rendered":"<h2>Value Deactivator Table Top (AMB2011) &#8211; Sensormatic<br \/>\nR\u00e9f: ZBAMB2011<\/h2>\n<p>La solution de d\u00e9sactivation de table Sensormatic\u00ae AMB-2011 est con\u00e7ue sp\u00e9cifiquement pour les d\u00e9taillants avec un d\u00e9bit faible \u00e0 moyen au point de vente (POS).<br \/>\nL&#8217;AMB-2011 d\u00e9sactive les \u00e9tiquettes jusqu&#8217;\u00e0 10 cm (4 pouces) et d\u00e9tecte jusqu&#8217;\u00e0 une hauteur de 15,2 cm (6 pouces). Son architecture rectangulaire permet une int\u00e9gration ais\u00e9e dans les caisses enregistreuses ; l&#8217;AMB-2011 peut \u00eatre utilis\u00e9 comme unit\u00e9 de table, mont\u00e9 verticalement ou encastr\u00e9 dans le plan de travail.<br \/>\nLe design \u00e9l\u00e9gant n\u00e9cessite peu d&#8217;espace au point de vente, ce qui permet aux d\u00e9taillants de maximiser l&#8217;espace de comptoir pr\u00e9cieux. La conception conviviale \u00e9limine pratiquement les \u00e9checs de d\u00e9sactivation des marchandises \u00e9tiquet\u00e9es.<br \/>\nLes fonctions de r\u00e9troaction sonore et visuelle aident \u00e0 \u00e9liminer les fausses alarmes et \u00e0 am\u00e9liorer la satisfaction des clients. De plus, l&#8217;AMB-2011 dispose d&#8217;une capacit\u00e9 de verrouillage du scanner pour aider \u00e0 pr\u00e9venir la d\u00e9sactivation en n&#8217;autorisant la d\u00e9sactivation qu&#8217;avec un scan de code-barres valide. Le nouveau clavier situ\u00e9 en haut de l&#8217;AMB-2011 permet aux caissiers de contr\u00f4ler le volume et la tonalit\u00e9 du d\u00e9sactivateur, ce qui le rend facilement dissimulable des autres \u00e9quipements de point de vente, d&#8217;activer la fonction de double v\u00e9rification et d&#8217;initier le mode d&#8217;\u00e9conomie d&#8217;\u00e9nergie pour emp\u00eacher le vol en \u00e9teignant.<\/p>\n<p>Avantages:<br \/>\n&#8211; Facilit\u00e9 d&#8217;installation Il n&#8217;est pas n\u00e9cessaire de couper le comptoir pour les montages sur table et verticaux<br \/>\n&#8211; Maximise l&#8217;espace de comptoir La conception de la petite antenne permet aux d\u00e9taillants de maximiser l&#8217;espace de comptoir<br \/>\n&#8211; Indicateurs sonores et visuels Fournissent la confirmation que les \u00e9tiquettes ont \u00e9t\u00e9 d\u00e9tect\u00e9es et d\u00e9sactiv\u00e9es<br \/>\n&#8211; La fonctionnalit\u00e9 d&#8217;activation de l&#8217;analyse de vol interne des adresses limite la collusion en permettant la d\u00e9sactivation uniquement apr\u00e8s une analyse de code-barres valide<br \/>\n&#8211; Capacit\u00e9 de double v\u00e9rification Aide \u00e0 assurer une d\u00e9sactivation r\u00e9ussie en alertant le caissier si une \u00e9tiquette a \u00e9t\u00e9 d\u00e9tect\u00e9e mais pas d\u00e9sactiv\u00e9e, r\u00e9duisant ainsi les \u00e9checs de d\u00e9sactivation et les fausses alarmes<\/p>\n<p>&nbsp;<\/p>\n","protected":false},"excerpt":{"rendered":"<p>La solution de d\u00e9sactivation de table Sensormatic\u00ae AMB-2011 est con\u00e7ue sp\u00e9cifiquement pour les d\u00e9taillants avec un d\u00e9bit faible \u00e0 moyen au point de vente (POS).<br \/>\nL&#8217;AMB-2011 d\u00e9sactive les \u00e9tiquettes jusqu&#8217;\u00e0 10 cm (4 pouces) et d\u00e9tecte jusqu&#8217;\u00e0 une hauteur de 15,2 cm (6 pouces).<\/p>\n","protected":false},"featured_media":5203,"comment_status":"closed","ping_status":"closed","template":"","meta":{"_acf_changed":false,"rank_math_lock_modified_date":false},"product_cat":[176],"product_tag":[182],"class_list":{"0":"post-5183","1":"product","2":"type-product","3":"status-publish","4":"has-post-thumbnail","6":"product_cat-desactiveurs","7":"product_tag-sensormatic-maroc","8":"pa_marque-sensormatic","10":"first","11":"instock","12":"product-type-simple","swatches":"rey-swatches","show_selected":""},"acf":[],"_links":{"self":[{"href":"https:\/\/akmstech.com\/en\/wp-json\/wp\/v2\/product\/5183","targetHints":{"allow":["GET"]}}],"collection":[{"href":"https:\/\/akmstech.com\/en\/wp-json\/wp\/v2\/product"}],"about":[{"href":"https:\/\/akmstech.com\/en\/wp-json\/wp\/v2\/types\/product"}],"replies":[{"embeddable":true,"href":"https:\/\/akmstech.com\/en\/wp-json\/wp\/v2\/comments?post=5183"}],"wp:featuredmedia":[{"embeddable":true,"href":"https:\/\/akmstech.com\/en\/wp-json\/wp\/v2\/media\/5203"}],"wp:attachment":[{"href":"https:\/\/akmstech.com\/en\/wp-json\/wp\/v2\/media?parent=5183"}],"wp:term":[{"taxonomy":"product_cat","embeddable":true,"href":"https:\/\/akmstech.com\/en\/wp-json\/wp\/v2\/product_cat?post=5183"},{"taxonomy":"product_tag","embeddable":true,"href":"https:\/\/akmstech.com\/en\/wp-json\/wp\/v2\/product_tag?post=5183"}],"curies":[{"name":"wp","href":"https:\/\/api.w.org\/{rel}","templated":true}]}}