{"id":5185,"date":"2023-10-21T23:23:08","date_gmt":"2023-10-21T22:23:08","guid":{"rendered":"https:\/\/akmstech.com\/?post_type=product&#038;p=5185"},"modified":"2024-11-16T16:36:21","modified_gmt":"2024-11-16T15:36:21","slug":"supertag-iii-am-grix-sensormatic","status":"publish","type":"product","link":"https:\/\/akmstech.com\/en\/supertag-iii-am-grix-sensormatic\/","title":{"rendered":"SuperTag III AM, grix &#8211; Sensormatic"},"content":{"rendered":"<h2>SuperTag III AM, grix &#8211; Sensormatic<br \/>\nR\u00e9f: ZL303-G<\/h2>\n<p>Le AM SuperTag offre une protection antivol sup\u00e9rieure pour une grande vari\u00e9t\u00e9 de marchandises de grande valeur et \u00e0 vol \u00e9lev\u00e9, y compris les v\u00eatements lourds et les v\u00eatements intimes d\u00e9licats. Le design \u00e9l\u00e9gant offre une forte dissuasion visuelle sans impact sur la promotion de la marque ou l&#8217;affichage en magasin. Cette \u00e9tiquette est facilement retir\u00e9e \u00e0 l&#8217;aide d&#8217;un d\u00e9tacheur magn\u00e9tique et r\u00e9utilis\u00e9e, ce qui permet de r\u00e9duire les co\u00fbts d&#8217;exploitation et de diminuer le r\u00e9tr\u00e9cissement. Cette \u00e9tiquette est compatible avec les syst\u00e8mes Sensormatic et EAS.<\/p>\n<p>&nbsp;<\/p>\n","protected":false},"excerpt":{"rendered":"<p>Le AM SuperTag offre une protection antivol sup\u00e9rieure pour une grande vari\u00e9t\u00e9 de marchandises de grande valeur et \u00e0 vol \u00e9lev\u00e9, y compris les v\u00eatements lourds et les v\u00eatements intimes d\u00e9licats. Le design \u00e9l\u00e9gant offre une forte dissuasion visuelle sans impact sur la promotion de la marque ou l&#8217;affichage en magasin. Cette \u00e9tiquette est facilement retir\u00e9e \u00e0 l&#8217;aide d&#8217;un d\u00e9tacheur magn\u00e9tique et r\u00e9utilis\u00e9e, ce qui permet de r\u00e9duire les co\u00fbts d&#8217;exploitation et de diminuer le r\u00e9tr\u00e9cissement. Cette \u00e9tiquette est compatible avec les syst\u00e8mes Sensormatic et EAS.<\/p>\n","protected":false},"featured_media":5207,"comment_status":"closed","ping_status":"closed","template":"","meta":{"_acf_changed":false,"rank_math_lock_modified_date":false},"product_cat":[174],"product_tag":[182],"class_list":{"0":"post-5185","1":"product","2":"type-product","3":"status-publish","4":"has-post-thumbnail","6":"product_cat-tag-antivol","7":"product_tag-sensormatic-maroc","8":"pa_marque-sensormatic","10":"first","11":"instock","12":"product-type-simple","swatches":"rey-swatches","show_selected":""},"acf":[],"_links":{"self":[{"href":"https:\/\/akmstech.com\/en\/wp-json\/wp\/v2\/product\/5185","targetHints":{"allow":["GET"]}}],"collection":[{"href":"https:\/\/akmstech.com\/en\/wp-json\/wp\/v2\/product"}],"about":[{"href":"https:\/\/akmstech.com\/en\/wp-json\/wp\/v2\/types\/product"}],"replies":[{"embeddable":true,"href":"https:\/\/akmstech.com\/en\/wp-json\/wp\/v2\/comments?post=5185"}],"wp:featuredmedia":[{"embeddable":true,"href":"https:\/\/akmstech.com\/en\/wp-json\/wp\/v2\/media\/5207"}],"wp:attachment":[{"href":"https:\/\/akmstech.com\/en\/wp-json\/wp\/v2\/media?parent=5185"}],"wp:term":[{"taxonomy":"product_cat","embeddable":true,"href":"https:\/\/akmstech.com\/en\/wp-json\/wp\/v2\/product_cat?post=5185"},{"taxonomy":"product_tag","embeddable":true,"href":"https:\/\/akmstech.com\/en\/wp-json\/wp\/v2\/product_tag?post=5185"}],"curies":[{"name":"wp","href":"https:\/\/api.w.org\/{rel}","templated":true}]}}