{"id":5186,"date":"2023-10-21T23:23:08","date_gmt":"2023-10-21T22:23:08","guid":{"rendered":"https:\/\/akmstech.com\/?post_type=product&#038;p=5186"},"modified":"2024-11-16T16:36:21","modified_gmt":"2024-11-16T15:36:21","slug":"supertag-iii-integral-cordon-grix-sensormatic","status":"publish","type":"product","link":"https:\/\/akmstech.com\/en\/supertag-iii-integral-cordon-grix-sensormatic\/","title":{"rendered":"SuperTag III Integral Cordon Grix &#8211; Sensormatic"},"content":{"rendered":"<h2>SuperTag III Integral Cordon Grix &#8211; Sensormatic<br \/>\nR\u00e9f: ZL303L-4G<\/h2>\n<p>Ce SuperTag offre une protection haut de gamme pour les articles \u00e0 haut risque qui ne peuvent pas \u00eatre s\u00e9curis\u00e9s avec une \u00e9tiquette rigide de type \u00e9pingle. Le c\u00e2ble de lani\u00e8re int\u00e9gr\u00e9 contient une broche en acier inoxydable pour une r\u00e9sistance sup\u00e9rieure \u00e0 la d\u00e9faite dans un format l\u00e9ger et facile \u00e0 utiliser. La forme \u00e9l\u00e9gante n&#8217;enl\u00e8ve rien aux produits haut de gamme, tout en offrant une forte dissuasion visuelle, permettant aux d\u00e9taillants d&#8217;ouvrir la marchandise en toute confiance.<\/p>\n<p>Permet l&#8217;application \u00e0 un plus large assortiment de marchandises difficiles \u00e0 \u00e9tiqueter et \u00e0 haut risque<br \/>\nL&#8217;\u00e9talon-or en mati\u00e8re de protection des actifs, dispose d&#8217;une conception de pince pour une r\u00e9sistance sup\u00e9rieure \u00e0 la d\u00e9faite.<br \/>\nLa conception \u00e9l\u00e9gante et esth\u00e9tique aide \u00e0 minimiser l&#8217;impact sur les marchandises expos\u00e9es<\/p>\n<p>&nbsp;<\/p>\n","protected":false},"excerpt":{"rendered":"<p>Ce SuperTag offre une protection haut de gamme pour les articles \u00e0 haut risque qui ne peuvent pas \u00eatre s\u00e9curis\u00e9s avec une \u00e9tiquette rigide de type \u00e9pingle. Le c\u00e2ble de lani\u00e8re int\u00e9gr\u00e9 contient une broche en acier inoxydable pour une r\u00e9sistance sup\u00e9rieure \u00e0 la d\u00e9faite dans un format l\u00e9ger et facile \u00e0 utiliser. La forme \u00e9l\u00e9gante n&#8217;enl\u00e8ve rien aux produits haut de gamme, tout en offrant une forte dissuasion visuelle, permettant aux d\u00e9taillants d&#8217;ouvrir la marchandise en toute confiance.<\/p>\n","protected":false},"featured_media":5209,"comment_status":"closed","ping_status":"closed","template":"","meta":{"_acf_changed":false,"rank_math_lock_modified_date":false},"product_cat":[174],"product_tag":[182],"class_list":{"0":"post-5186","1":"product","2":"type-product","3":"status-publish","4":"has-post-thumbnail","6":"product_cat-tag-antivol","7":"product_tag-sensormatic-maroc","8":"pa_marque-sensormatic","10":"first","11":"instock","12":"product-type-simple","swatches":"rey-swatches","show_selected":""},"acf":[],"_links":{"self":[{"href":"https:\/\/akmstech.com\/en\/wp-json\/wp\/v2\/product\/5186","targetHints":{"allow":["GET"]}}],"collection":[{"href":"https:\/\/akmstech.com\/en\/wp-json\/wp\/v2\/product"}],"about":[{"href":"https:\/\/akmstech.com\/en\/wp-json\/wp\/v2\/types\/product"}],"replies":[{"embeddable":true,"href":"https:\/\/akmstech.com\/en\/wp-json\/wp\/v2\/comments?post=5186"}],"wp:featuredmedia":[{"embeddable":true,"href":"https:\/\/akmstech.com\/en\/wp-json\/wp\/v2\/media\/5209"}],"wp:attachment":[{"href":"https:\/\/akmstech.com\/en\/wp-json\/wp\/v2\/media?parent=5186"}],"wp:term":[{"taxonomy":"product_cat","embeddable":true,"href":"https:\/\/akmstech.com\/en\/wp-json\/wp\/v2\/product_cat?post=5186"},{"taxonomy":"product_tag","embeddable":true,"href":"https:\/\/akmstech.com\/en\/wp-json\/wp\/v2\/product_tag?post=5186"}],"curies":[{"name":"wp","href":"https:\/\/api.w.org\/{rel}","templated":true}]}}