{"id":5187,"date":"2023-10-21T23:23:09","date_gmt":"2023-10-21T22:23:09","guid":{"rendered":"https:\/\/akmstech.com\/?post_type=product&#038;p=5187"},"modified":"2024-11-16T16:36:21","modified_gmt":"2024-11-16T15:36:21","slug":"sensormatic-apx-label-barcode-etiquette-souple-antivol","status":"publish","type":"product","link":"https:\/\/akmstech.com\/en\/sensormatic-apx-label-barcode-etiquette-souple-antivol\/","title":{"rendered":"Sensormatic APX Label Barcode, Etiquette antivol"},"content":{"rendered":"<h2>Sensormatic APX Label Barcode, Sheet &#8211; Sensormatic<br \/>\nR\u00e9f: ZLAPXS2<\/h2>\n<p>L&#8217;\u00e9tiquette de feuille de codes-barres Advanced Performance Xtreme (APX) est une \u00e9tiquette haut de gamme haut de gamme utilis\u00e9e sur une grande vari\u00e9t\u00e9 de v\u00eatements et de marchandises au d\u00e9tail.<br \/>\nL&#8217;autocollant inviolable offre une port\u00e9e, une sensibilit\u00e9 et une technologie antivol exceptionnelles offrant une d\u00e9tection sup\u00e9rieure et une d\u00e9sactivation coh\u00e9rente au point de vente avec pratiquement aucune alarme intempestive.<br \/>\nCette \u00e9tiquette permet aux d\u00e9taillants de s\u00e9curiser les articles \u00e0 la source de fabrication ou dans les magasins, ce qui r\u00e9duit la d\u00e9marque inconnue et am\u00e9liore les revenus.<br \/>\nLa conception discr\u00e8te de l&#8217;\u00e9tiquette prot\u00e8ge les articles les plus vol\u00e9s sans entraver la promotion de la marque. La conception robuste permet une d\u00e9sactivation facile au point de vente et une s\u00e9curit\u00e9 fiable m\u00eame en cas d&#8217;exposition \u00e0 des contraintes environnementales pendant l&#8217;exp\u00e9dition.<br \/>\nCette \u00e9tiquette est compatible avec les syst\u00e8mes Sensormatic et EAS.<\/p>\n<p>&nbsp;<\/p>\n","protected":false},"excerpt":{"rendered":"<p>Autocollant antivol pour les petits articles<\/p>\n","protected":false},"featured_media":5211,"comment_status":"closed","ping_status":"closed","template":"","meta":{"_acf_changed":false,"rank_math_lock_modified_date":false},"product_cat":[174],"product_tag":[182],"class_list":{"0":"post-5187","1":"product","2":"type-product","3":"status-publish","4":"has-post-thumbnail","6":"product_cat-tag-antivol","7":"product_tag-sensormatic-maroc","8":"pa_marque-sensormatic","10":"first","11":"instock","12":"product-type-simple","swatches":"rey-swatches","show_selected":""},"acf":[],"_links":{"self":[{"href":"https:\/\/akmstech.com\/en\/wp-json\/wp\/v2\/product\/5187","targetHints":{"allow":["GET"]}}],"collection":[{"href":"https:\/\/akmstech.com\/en\/wp-json\/wp\/v2\/product"}],"about":[{"href":"https:\/\/akmstech.com\/en\/wp-json\/wp\/v2\/types\/product"}],"replies":[{"embeddable":true,"href":"https:\/\/akmstech.com\/en\/wp-json\/wp\/v2\/comments?post=5187"}],"wp:featuredmedia":[{"embeddable":true,"href":"https:\/\/akmstech.com\/en\/wp-json\/wp\/v2\/media\/5211"}],"wp:attachment":[{"href":"https:\/\/akmstech.com\/en\/wp-json\/wp\/v2\/media?parent=5187"}],"wp:term":[{"taxonomy":"product_cat","embeddable":true,"href":"https:\/\/akmstech.com\/en\/wp-json\/wp\/v2\/product_cat?post=5187"},{"taxonomy":"product_tag","embeddable":true,"href":"https:\/\/akmstech.com\/en\/wp-json\/wp\/v2\/product_tag?post=5187"}],"curies":[{"name":"wp","href":"https:\/\/api.w.org\/{rel}","templated":true}]}}