{"id":5636,"date":"2023-11-28T11:08:35","date_gmt":"2023-11-28T10:08:35","guid":{"rendered":"https:\/\/akmstech.com\/?post_type=product&#038;p=5636"},"modified":"2024-11-16T16:36:21","modified_gmt":"2024-11-16T15:36:21","slug":"capteur-de-comptage-de-personnes-suspendu-orbit-8","status":"publish","type":"product","link":"https:\/\/akmstech.com\/en\/capteur-de-comptage-de-personnes-suspendu-orbit-8\/","title":{"rendered":"Capteur de comptage de personnes suspendu &#8211; ORBIT 8"},"content":{"rendered":"<p>Nos solutions de comptage clients conf\u00e8rent une excellente visibilit\u00e9 sur les p\u00e9riodes o\u00f9 se pr\u00e9sentent les meilleures opportunit\u00e9s de trafic et de ventes, afin de vous fournir une analyse d\u00e9taill\u00e9e des performances de votre magasin sur ces p\u00e9riodes d\u00e9cisives. En combinant les donn\u00e9es li\u00e9es \u00e0 la fr\u00e9quentation, aux ventes et aux employ\u00e9s au sein d&#8217;une m\u00eame analyse, vous pourrez mieux cerner l&#8217;efficacit\u00e9 de votre taux de transformation, d\u00e9terminer si vous disposez des ressources humaines n\u00e9cessaires pour concr\u00e9tiser les ventes, et prendre des d\u00e9cisions marketing avis\u00e9es.<\/p>\n","protected":false},"excerpt":{"rendered":"<p>Le capteur ORBIT 8 est un dispositif de comptage de personnes, suspendu exclusif de Sensormatic. Il offre des performances de comptage hors pair dans quasiment tous les environnements de commerce de d\u00e9tail.<\/p>\n","protected":false},"featured_media":5637,"comment_status":"closed","ping_status":"closed","template":"","meta":{"_acf_changed":false,"rank_math_lock_modified_date":false},"product_cat":[172,179],"product_tag":[182],"class_list":{"0":"post-5636","1":"product","2":"type-product","3":"status-publish","4":"has-post-thumbnail","6":"product_cat-prevention-de-perte-darticle","7":"product_cat-camera-de-comptage","8":"product_tag-sensormatic-maroc","9":"pa_marque-sensormatic","11":"first","12":"instock","13":"shipping-taxable","14":"product-type-simple","swatches":"rey-swatches","show_selected":""},"acf":[],"_links":{"self":[{"href":"https:\/\/akmstech.com\/en\/wp-json\/wp\/v2\/product\/5636","targetHints":{"allow":["GET"]}}],"collection":[{"href":"https:\/\/akmstech.com\/en\/wp-json\/wp\/v2\/product"}],"about":[{"href":"https:\/\/akmstech.com\/en\/wp-json\/wp\/v2\/types\/product"}],"replies":[{"embeddable":true,"href":"https:\/\/akmstech.com\/en\/wp-json\/wp\/v2\/comments?post=5636"}],"wp:featuredmedia":[{"embeddable":true,"href":"https:\/\/akmstech.com\/en\/wp-json\/wp\/v2\/media\/5637"}],"wp:attachment":[{"href":"https:\/\/akmstech.com\/en\/wp-json\/wp\/v2\/media?parent=5636"}],"wp:term":[{"taxonomy":"product_cat","embeddable":true,"href":"https:\/\/akmstech.com\/en\/wp-json\/wp\/v2\/product_cat?post=5636"},{"taxonomy":"product_tag","embeddable":true,"href":"https:\/\/akmstech.com\/en\/wp-json\/wp\/v2\/product_tag?post=5636"}],"curies":[{"name":"wp","href":"https:\/\/api.w.org\/{rel}","templated":true}]}}