{"id":5643,"date":"2023-11-28T11:19:22","date_gmt":"2023-11-28T10:19:22","guid":{"rendered":"https:\/\/akmstech.com\/?post_type=product&#038;p=5643"},"modified":"2024-11-16T16:36:20","modified_gmt":"2024-11-16T15:36:20","slug":"camera-sensormatic-synergy","status":"publish","type":"product","link":"https:\/\/akmstech.com\/en\/camera-sensormatic-synergy\/","title":{"rendered":"Cam\u00e9ra Sensormatic Synergy"},"content":{"rendered":"","protected":false},"excerpt":{"rendered":"<p>La cam\u00e9ra Sensormatic Synergy renforce les syst\u00e8mes de d\u00e9tection Synergy compatibles en leur adjoignant la vid\u00e9osurveillance pour disposer de pr\u00e9cieuses informations en temps r\u00e9el sur les cas de perte.<\/p>\n","protected":false},"featured_media":5644,"comment_status":"closed","ping_status":"closed","template":"","meta":{"_acf_changed":false,"rank_math_lock_modified_date":false},"product_cat":[172,179],"product_tag":[182],"class_list":{"0":"post-5643","1":"product","2":"type-product","3":"status-publish","4":"has-post-thumbnail","6":"product_cat-prevention-de-perte-darticle","7":"product_cat-camera-de-comptage","8":"product_tag-sensormatic-maroc","9":"pa_marque-sensormatic","11":"first","12":"instock","13":"shipping-taxable","14":"product-type-simple","swatches":"rey-swatches","show_selected":""},"acf":[],"_links":{"self":[{"href":"https:\/\/akmstech.com\/en\/wp-json\/wp\/v2\/product\/5643","targetHints":{"allow":["GET"]}}],"collection":[{"href":"https:\/\/akmstech.com\/en\/wp-json\/wp\/v2\/product"}],"about":[{"href":"https:\/\/akmstech.com\/en\/wp-json\/wp\/v2\/types\/product"}],"replies":[{"embeddable":true,"href":"https:\/\/akmstech.com\/en\/wp-json\/wp\/v2\/comments?post=5643"}],"wp:featuredmedia":[{"embeddable":true,"href":"https:\/\/akmstech.com\/en\/wp-json\/wp\/v2\/media\/5644"}],"wp:attachment":[{"href":"https:\/\/akmstech.com\/en\/wp-json\/wp\/v2\/media?parent=5643"}],"wp:term":[{"taxonomy":"product_cat","embeddable":true,"href":"https:\/\/akmstech.com\/en\/wp-json\/wp\/v2\/product_cat?post=5643"},{"taxonomy":"product_tag","embeddable":true,"href":"https:\/\/akmstech.com\/en\/wp-json\/wp\/v2\/product_tag?post=5643"}],"curies":[{"name":"wp","href":"https:\/\/api.w.org\/{rel}","templated":true}]}}