{"id":5652,"date":"2023-11-28T12:23:17","date_gmt":"2023-11-28T11:23:17","guid":{"rendered":"https:\/\/akmstech.com\/?post_type=product&#038;p=5652"},"modified":"2024-11-16T16:36:20","modified_gmt":"2024-11-16T15:36:20","slug":"controleur-de-desactivateur-universel","status":"publish","type":"product","link":"https:\/\/akmstech.com\/en\/controleur-de-desactivateur-universel\/","title":{"rendered":"Contr\u00f4leur de d\u00e9sactivateur universel"},"content":{"rendered":"","protected":false},"excerpt":{"rendered":"<p>Le contr\u00f4leur de d\u00e9sactivateur universel Sensormatic, fournit l&#8217;alimentation \u00e9lectrique permettant de faire fonctionner efficacement les antennes EAS compatibles dans l&#8217;environnement du magasin.<\/p>\n","protected":false},"featured_media":5653,"comment_status":"closed","ping_status":"closed","template":"","meta":{"_acf_changed":false,"rank_math_lock_modified_date":false},"product_cat":[172,178],"product_tag":[182],"class_list":{"0":"post-5652","1":"product","2":"type-product","3":"status-publish","4":"has-post-thumbnail","6":"product_cat-prevention-de-perte-darticle","7":"product_cat-rfid","8":"product_tag-sensormatic-maroc","9":"pa_marque-sensormatic","11":"first","12":"instock","13":"shipping-taxable","14":"product-type-simple","swatches":"rey-swatches","show_selected":""},"acf":[],"_links":{"self":[{"href":"https:\/\/akmstech.com\/en\/wp-json\/wp\/v2\/product\/5652","targetHints":{"allow":["GET"]}}],"collection":[{"href":"https:\/\/akmstech.com\/en\/wp-json\/wp\/v2\/product"}],"about":[{"href":"https:\/\/akmstech.com\/en\/wp-json\/wp\/v2\/types\/product"}],"replies":[{"embeddable":true,"href":"https:\/\/akmstech.com\/en\/wp-json\/wp\/v2\/comments?post=5652"}],"wp:featuredmedia":[{"embeddable":true,"href":"https:\/\/akmstech.com\/en\/wp-json\/wp\/v2\/media\/5653"}],"wp:attachment":[{"href":"https:\/\/akmstech.com\/en\/wp-json\/wp\/v2\/media?parent=5652"}],"wp:term":[{"taxonomy":"product_cat","embeddable":true,"href":"https:\/\/akmstech.com\/en\/wp-json\/wp\/v2\/product_cat?post=5652"},{"taxonomy":"product_tag","embeddable":true,"href":"https:\/\/akmstech.com\/en\/wp-json\/wp\/v2\/product_tag?post=5652"}],"curies":[{"name":"wp","href":"https:\/\/api.w.org\/{rel}","templated":true}]}}