{"id":5974,"date":"2024-11-17T11:21:04","date_gmt":"2024-11-17T10:21:04","guid":{"rendered":"https:\/\/akmstech.com\/?post_type=product&#038;p=5974"},"modified":"2024-11-17T11:33:28","modified_gmt":"2024-11-17T10:33:28","slug":"terminal-de-caisse-toshiba-tcx800","status":"publish","type":"product","link":"https:\/\/akmstech.com\/en\/terminal-de-caisse-toshiba-tcx800\/","title":{"rendered":"Terminal de caisse Toshiba Tcx800"},"content":{"rendered":"<h3>Toshiba Tcx800: Le terminal Point de vente Compacte et polyvalent<\/h3>\n<p>Environnement changeant, attentes des consommateurs en perp\u00e9tuelle \u00e9volution : les distributeurs doivent sans cesse adapter les exp\u00e9riences qu\u2019ils proposent au sein de leurs magasins. Le Terminal Point de Vente int\u00e9gr\u00e9 TCx\u2122 800 est la toute derni\u00e8re innovation de Toshiba pour la distribution. Elle permet aux enseignes d\u2019offrir \u00e0 leurs clients des exp\u00e9riences agr\u00e9ables en acc\u00e9l\u00e9rant et en facilitant leurs achats. Utilis\u00e9e comme syst\u00e8me Point de Vente, kiosque ou unit\u00e9 en libre-service totalement fonctionnel, la plateforme TCx 800 conjugue des performances robustes et une fiabilit\u00e9 exceptionnelle.<\/p>\n<p>Ce syst\u00e8me \u2018tout en un\u2019 est totalement int\u00e9gr\u00e9 dans un design intelligent qui permet de le positionner n&#8217;importe o\u00f9 dans le magasin pour g\u00e9rer les besoins business au fil de leur \u00e9volution. Avec le Terminal Point de Vente TCx 800, vous pouvez renforcer encore votre infrastructure retail en l\u2019associant \u00e0 d\u2019autres produits Toshiba parmi lesquels le syst\u00e8me d\u2019exploitation TCx Sky, optimis\u00e9 pour la distribution, et la famille des imprimantes TCx, pour cr\u00e9er une solution compl\u00e8te offrant la vitesse, la s\u00e9curit\u00e9 et la flexibilit\u00e9 dont vous avez besoin pour cr\u00e9er des exp\u00e9riences d\u2019achat qui donneront \u00e0 vos clients une bonne raison de revenir.<\/p>\n<h3>Conception intelligente<img fetchpriority=\"high\" decoding=\"async\" class=\"size-medium wp-image-5975 alignright\" src=\"https:\/\/akmstech.com\/wp-content\/uploads\/2024\/11\/TPV-Toshiba-Tcx800-2-300x300.webp\" alt=\"\" width=\"300\" height=\"300\" srcset=\"https:\/\/akmstech.com\/wp-content\/uploads\/2024\/11\/TPV-Toshiba-Tcx800-2-300x300.webp 300w, https:\/\/akmstech.com\/wp-content\/uploads\/2024\/11\/TPV-Toshiba-Tcx800-2-150x150.webp 150w, https:\/\/akmstech.com\/wp-content\/uploads\/2024\/11\/TPV-Toshiba-Tcx800-2-768x768.webp 768w, https:\/\/akmstech.com\/wp-content\/uploads\/2024\/11\/TPV-Toshiba-Tcx800-2-400x400.webp 400w, https:\/\/akmstech.com\/wp-content\/uploads\/2024\/11\/TPV-Toshiba-Tcx800-2-600x600.webp 600w, https:\/\/akmstech.com\/wp-content\/uploads\/2024\/11\/TPV-Toshiba-Tcx800-2-100x100.webp 100w, https:\/\/akmstech.com\/wp-content\/uploads\/2024\/11\/TPV-Toshiba-Tcx800-2.webp 900w\" sizes=\"(max-width: 300px) 100vw, 300px\" \/><\/h3>\n<p>Solution unifi\u00e9e, le Terminal Point de Vente TCx 800 vous offre la flexibilit\u00e9 ultime que vous recherchez dans vos environnements retail o\u00f9 l\u2019espace est contraint.<\/p>\n<ul>\n<li>R\u00e9glable dans plusieurs positions allant de 90 degr\u00e9s \u00e0 une installation \u00e0 plat, selon les besoins du magasin<\/li>\n<li>Configurations flexibles avec des \u00e9crans \u00e0 l\u2019ergonomie tactile multipoint, d\u00e9clin\u00e9es en format 15\u201d (4:3) et deux options grand \u00e9cran 15,6\u201d(16:9) ou 18,5\u201d (16:9)<\/li>\n<li>Des possibilit\u00e9s d\u2019extension de connectiques fournissent un ensemble de connexions natif sur la t\u00eate du syst\u00e8me, int\u00e9gr\u00e9s dans pied ou sur le hub de connectique<\/li>\n<li>Ports USB 2.0, USB 3.0 et USB-C pour l\u2019installation d\u2019appareils I\/O afin de personnaliser le look et la fonction du TPV<\/li>\n<li>Connectique de base ou optionnelle<\/li>\n<\/ul>\n<h3>Pourquoi choisir le TPV Toshiba Tcx810<\/h3>\n<p>Les enseignes recherchent une technologie TPV de pointe qui offre un faible co\u00fbt total de possession, maintient les syst\u00e8mes op\u00e9rationnels et s&#8217;int\u00e8gre aux technologies existantes. Avec le TCx 810, vous disposez d\u2019une solution innovante et robuste, compl\u00e9t\u00e9e par une gamme d&#8217;options \u00e9tendue, de garanties, de services et d&#8217;assistance que vous pouvez attendre de Toshiba.<\/p>\n<h3>Un TPV Fiable \u00e0 tout \u00e9preuve<\/h3>\n<p>La plateforme de point de vente TCx 800 POS est con\u00e7ue pour fournir un rendement optimal en int\u00e9grant les plus r\u00e9centes technologies en mati\u00e8re de processeurs, d\u2019alimentation et de fonctionnalit\u00e9s mobiles.<\/p>\n<ul>\n<li>Processeurs \u2013 Intel s\u00e9rie u de 7e g\u00e9n\u00e9ration \u2013 Celeron 3965U \u2013 Core i5- 7300U \u2013 Core i7- 7600U<\/li>\n<li>Memoire \u2013 4 Go standard, extensible jusqu\u2019\u00e0 32 Go<\/li>\n<li>Prise en charge de syst\u00e8mes ouverts : TCx Sky v1.1.01, Windows 10 IoT CBB, Windows 10 IoT LTSB 2016, Linux Kernel 4.4 (n\u00e9cessite le r\u00e9troportage du processeur)<\/li>\n<\/ul>\n","protected":false},"excerpt":{"rendered":"<p>le Terminal de point de vente Toshiba Tcx800 <strong>maximise votre productivit\u00e9 \u00e0 moindre cout<\/strong><\/p>\n<ul>\n<li>Une souplesse d\u2019utilisation comme unit\u00e9 Point de Vente, kiosque ou libre-service<\/li>\n<li>Propose une interface conviviale pour le personnel en magasin gr\u00e2ce \u00e0 la l\u2019ergonomie tactile.<\/li>\n<li>Permet d\u2019acc\u00e9l\u00e9rer le passage en caisse du client gr\u00e2ce \u00e0 une plateforme r\u00e9active et fiable<\/li>\n<\/ul>\n","protected":false},"featured_media":5977,"comment_status":"closed","ping_status":"closed","template":"","meta":{"_acf_changed":false,"rank_math_lock_modified_date":false},"product_cat":[130],"product_tag":[183,184],"class_list":{"0":"post-5974","1":"product","2":"type-product","3":"status-publish","4":"has-post-thumbnail","6":"product_cat-terminal-point-de-vente","7":"product_tag-caisse-enregistreuse-maroc","8":"product_tag-equipements-point-de-vente-maroc","9":"pa_marque-toshiba","11":"first","12":"instock","13":"product-type-simple","swatches":"rey-swatches","show_selected":""},"acf":[],"_links":{"self":[{"href":"https:\/\/akmstech.com\/en\/wp-json\/wp\/v2\/product\/5974","targetHints":{"allow":["GET"]}}],"collection":[{"href":"https:\/\/akmstech.com\/en\/wp-json\/wp\/v2\/product"}],"about":[{"href":"https:\/\/akmstech.com\/en\/wp-json\/wp\/v2\/types\/product"}],"replies":[{"embeddable":true,"href":"https:\/\/akmstech.com\/en\/wp-json\/wp\/v2\/comments?post=5974"}],"wp:featuredmedia":[{"embeddable":true,"href":"https:\/\/akmstech.com\/en\/wp-json\/wp\/v2\/media\/5977"}],"wp:attachment":[{"href":"https:\/\/akmstech.com\/en\/wp-json\/wp\/v2\/media?parent=5974"}],"wp:term":[{"taxonomy":"product_cat","embeddable":true,"href":"https:\/\/akmstech.com\/en\/wp-json\/wp\/v2\/product_cat?post=5974"},{"taxonomy":"product_tag","embeddable":true,"href":"https:\/\/akmstech.com\/en\/wp-json\/wp\/v2\/product_tag?post=5974"}],"curies":[{"name":"wp","href":"https:\/\/api.w.org\/{rel}","templated":true}]}}